{"id":3,"date":"2023-05-05T09:27:06","date_gmt":"2023-05-05T12:27:06","guid":{"rendered":"https:\/\/www.edimarsantosimoveis.com.br\/treinamento\/?page_id=3"},"modified":"2023-05-30T20:39:23","modified_gmt":"2023-05-30T23:39:23","slug":"politica-de-privacidade","status":"publish","type":"page","link":"https:\/\/www.edimarsantosimoveis.com.br\/treinamento\/politica-de-privacidade\/","title":{"rendered":"Pol\u00edtica de privacidade"},"content":{"rendered":"\r\n<h2 class=\"wp-block-heading\">Quem somos<\/h2>\r\n\r\n\r\n\r\n<p>O endere\u00e7o do nosso site \u00e9: https:\/\/www.edimarsantosimoveis.com.br\/treinamento.<\/p>\r\n\r\n\r\n\r\n<p><strong>Pol\u00edtica de privacidade<\/strong><\/p>\r\n<p>\u00c9 de suma import\u00e2ncia que leiam atentamente a nossa pol\u00edtica de privacidade para entenderem as pr\u00e1ticas que utilizamos no tratamento de seus Dados Pessoais.<\/p>\r\n<p>Essa pol\u00edtica de privacidade explica o motivo de seus Dados Pessoais serem coletados, utilizados e compartilhados por n\u00f3s. Explica, tamb\u00e9m, como voc\u00ea pode acessar e atualizar seus Dados Pessoais.<\/p>\r\n<p>Esclarecemos que\u00a0 sempre prezamos por uma boa rela\u00e7\u00e3o com nossos clientes e parceiros, buscando fornecer a melhor experi\u00eancia com os nossos servi\u00e7os.<\/p>\r\n<p>Por isso, temos ci\u00eancia da import\u00e2ncia de informar sobre como realizamos o tratamento de dados.<\/p>\r\n<p><strong>O que \u00e9 e para que serve a Pol\u00edtica de privacidade?<\/strong><\/p>\r\n<p>\u00c9 um conjunto de termos que fornece informa\u00e7\u00f5es sobre como uma determinada institui\u00e7\u00e3o utiliza os dados dos seus usu\u00e1rios.<\/p>\r\n<p>O intuito \u00e9 esclarecer quais dados s\u00e3o utilizados por n\u00f3s, com qual finalidade os tratamos e tamb\u00e9m esclarecer demais d\u00favidas que voc\u00ea possa ter.<\/p>\r\n<p>Entre em contato no caso de alguma d\u00favida.<\/p>\r\n<p><strong>Porque os dados s\u00e3o tratados?<\/strong><\/p>\r\n<p>Temos o compromisso de oferecer o melhor servi\u00e7o, al\u00e9m da preocupa\u00e7\u00e3o com a seguran\u00e7a e experi\u00eancia do usu\u00e1rio do Portal.<\/p>\r\n<p>Durante sua inscri\u00e7\u00e3o\u00a0 coletarmos dados para fins legais, como validar sua inscri\u00e7\u00e3o.<\/p>\r\n<p><strong>Quais diretrizes s\u00e3o seguidas no tratamento de dados?<\/strong><\/p>\r\n<p>As diretrizes seguidas para o tratamento de seus dados, em todas as nossas a\u00e7\u00f5es, s\u00e3o as que priorizam a sua satisfa\u00e7\u00e3o frente aos nossos servi\u00e7os, a sua seguran\u00e7a e a de seus dados pessoais.<\/p>\r\n<p>Para que isso seja realizado de modo \u00edntegro e competente, seguimos as determina\u00e7\u00f5es legais \u00e0 risca para garantir o bom desenvolvimento de nossas atividades e o bem estar dos nossos clientes.<\/p>\r\n<p>Reconhecemos a import\u00e2ncia da privacidade e, na condi\u00e7\u00e3o de controladores de dados, nos comprometemos em prestar os melhores esfor\u00e7os para garantir a seguran\u00e7a no tratamento de seus dados e privacidade.<\/p>\r\n<p><strong>Quais s\u00e3o os meios de coleta dos dados?<\/strong><\/p>\r\n<p>Os dados pessoais podem ser disponibilizados por voc\u00ea, por terceiros e de forma autom\u00e1tica:<\/p>\r\n<p><strong>Disponibilizadas pelo titular:<\/strong>\u00a0S\u00e3o as informa\u00e7\u00f5es fornecidas diretamente por voc\u00ea que s\u00e3o coletadas no momento de cadastros.<\/p>\r\n<p><strong>Disponibilizadas por terceiros:<\/strong>\u00a0S\u00e3o informa\u00e7\u00f5es compartilhadas por outras empresas ou \u00f3rg\u00e3os p\u00fablicos:<\/p>\r\n<ul>\r\n<li>\u00d3rg\u00e3os de defesa do consumidor relacionados \u00e0s reclama\u00e7\u00f5es que, porventura, voc\u00ea tenha realizado;<\/li>\r\n<li>Institui\u00e7\u00f5es financeiras em decorr\u00eancia de transa\u00e7\u00f5es n\u00e3o concretizadas;<\/li>\r\n<li>Empresas de an\u00e1lises de conformidade, como empresas que prestam servi\u00e7o antifraude, dentre outras.<\/li>\r\n<\/ul>\r\n<p><strong>Quais dados s\u00e3o coletados?<\/strong><\/p>\r\n<p>Nosso site trata seus dados somente com a devida finalidade informada e dentro das adequa\u00e7\u00f5es legais vigentes.<\/p>\r\n<p>A depender da sua intera\u00e7\u00e3o com os nossos servi\u00e7os podemos coletar os seguintes dados:<\/p>\r\n<ul>\r\n<li>Dados de identifica\u00e7\u00e3o: Nome, sobrenome, CPF;<\/li>\r\n<li>Dados de contato: celular e e-mail;<\/li>\r\n<\/ul>\r\n<p><strong>Como utilizamos seus dados pessoais?<\/strong><\/p>\r\n<p><strong>Servi\u00e7o ao consumidor:<\/strong>\u00a0Utilizamos seus Dados Pessoais para prestarmos servi\u00e7os ao consumidor, incluindo, mas n\u00e3o se limitando a reclama\u00e7\u00f5es, solicita\u00e7\u00f5es e questionamentos.<\/p>\r\n<p><strong>Comunica\u00e7\u00f5es direcionadas:<\/strong>\u00a0 Utilizamos seus Dados Pessoais para fornecer informa\u00e7\u00f5es sobre o evento ou servi\u00e7os, por exemplo, comunica\u00e7\u00e3o de marketing e promo\u00e7\u00e3o.<\/p>\r\n<p>Essa comunica\u00e7\u00e3o a voc\u00ea consumidor pode ser feita atrav\u00e9s de e-mail, an\u00fancios, SMS, liga\u00e7\u00f5es telef\u00f4nicas e outros meios, na medida permitida pela legisla\u00e7\u00e3o aplic\u00e1vel.<\/p>\r\n<p><strong>Quais s\u00e3o os direitos e deveres dos titulares de dados?<\/strong><\/p>\r\n<p><strong>Confirma\u00e7\u00e3o e acesso aos dados:<\/strong>\u00a0qualquer cliente pode solicitar a confirma\u00e7\u00e3o da exist\u00eancia de tratamento de seus dados pessoais, quais dados s\u00e3o tratados e com quem s\u00e3o compartilhados.<\/p>\r\n<p>Para possibilitar tal requisi\u00e7\u00e3o, podemos utilizar de meios de confirma\u00e7\u00e3o e autentica\u00e7\u00e3o que garantam a seguran\u00e7a das informa\u00e7\u00f5es solicitadas.<\/p>\r\n<p><strong>Corre\u00e7\u00e3o:<\/strong>\u00a0todo titular ter\u00e1 direito \u00e0 corre\u00e7\u00e3o de dados que estejam<br \/>incompletos, inexatos ou desatualizados, seja diretamente pelos nossos canais de acesso, seja por solicita\u00e7\u00e3o expressa.<\/p>\r\n<p><strong>Revoga\u00e7\u00e3o do consentimento:<\/strong>\u00a0todos os seus dados pessoais que tenham sido obtidos sob consentimento podem ser revogados a qualquer momento de modo transparente, direto e sem custos.<\/p>\r\n<p>Para isso, \u00e9 necess\u00e1rio solicita\u00e7\u00e3o expressa a ser encaminhada para o treinamento@edimarsantosimoveis.com.br.<\/p>\r\n<p><strong>Anonimiza\u00e7\u00e3o ou exclus\u00e3o:<\/strong>\u00a0voc\u00ea como nosso cliente e titular de dados pessoais pode solicitar anonimiza\u00e7\u00e3o, bloqueio ou elimina\u00e7\u00e3o de dados quando forem obtidos sob consentimento ou \u2013 em especial \u2013 quando julgar que o tratamento seja desnecess\u00e1rio, excessivo ou esteja em desconformidade com o disposto na LGPD.<\/p>\r\n<p>Mesmo nesses casos, ainda h\u00e1 chance de que algum dado seja armazenado para fins legais, de execu\u00e7\u00e3o contratual e, para prote\u00e7\u00e3o de interesses nossos ou de terceiros.<\/p>\r\n<p><strong>Informa\u00e7\u00f5es sobre consentimento:<\/strong>\u00a0\u00e9 seu direito como titular conhecer os dados que ser\u00e3o solicitados por consentimento e sobre a possibilidade de n\u00e3o fornecer tal consentimento, al\u00e9m de deixar claro quais ser\u00e3o as consequ\u00eancias negativas por essa a\u00e7\u00e3o.<\/p>\r\n<p>Todos esses direitos devem ser solicitados\u00a0 mediante requerimento expresso do titular dos dados ou representante legal constitu\u00eddo.<\/p>\r\n<p>Tal requerimento ser\u00e1 feito sem custos para voc\u00ea por meio de nosso canal de atendimento informado acima\u00a0 e ter\u00e1 resposta no prazo de at\u00e9 15 dias conforme previsto em regulamento.<\/p>\r\n<p>&nbsp;<\/p>\r\n<p><strong>O que s\u00e3o e para que servem os Cookies?<\/strong><\/p>\r\n<p>Cookies s\u00e3o pequenos arquivos com tempo de dura\u00e7\u00e3o variada e diferentes objetivos, os quais armazenam informa\u00e7\u00f5es sobre navega\u00e7\u00e3o e guardam dados para um endere\u00e7o de web espec\u00edfico e que s\u00e3o criados por sites visitados.<\/p>\r\n<p>Tais cookies s\u00e3o de diferentes tipos e podem armazenar de informa\u00e7\u00f5es b\u00e1sicas a mais completas, como endere\u00e7os IP, modelos de dispositivos, prefer\u00eancias sobre idiomas, cores, etc.<\/p>\r\n<p>Eles servem para identificar o visitante, personalizar a p\u00e1gina de acordo com o perfil, facilitar o transporte de dados e otimizar a navega\u00e7\u00e3o dentro da plataforma.<\/p>\r\n<p>Existem dois tipos principais de cookies: os essenciais e os chamados n\u00e3o essenciais.<\/p>\r\n<p><strong>Essenciais:<\/strong>\u00a0s\u00e3o chamados dessa forma pois \u00e9 praticamente imposs\u00edvel inativ\u00e1-los por completo pois s\u00e3o eles que deixam a navega\u00e7\u00e3o sem implica\u00e7\u00f5es negativas e tornam sua experi\u00eancia online mais completa e eficaz.<\/p>\r\n<p><strong>N\u00e3o essenciais:<\/strong>\u00a0j\u00e1 os n\u00e3o essenciais n\u00e3o s\u00e3o obrigat\u00f3rios, mas tamb\u00e9m melhoram muito a experi\u00eancia do usu\u00e1rio dentro da plataforma, oferecendo recursos como memoriza\u00e7\u00e3o de refer\u00eancias, hist\u00f3rico de buscas e de \u201ccarrinho\u201d, entre outros.<\/p>\r\n<p>Tais cookies s\u00e3o pass\u00edveis de exclus\u00e3o e voc\u00ea pode consultar as<br \/>configura\u00e7\u00f5es do seu navegador para mais informa\u00e7\u00f5es.<\/p>\r\n<p><strong>Com quem compartilhamos os dados pessoais dos titulares?<\/strong><\/p>\r\n<p><strong>Empresas terceirizadas:<\/strong>\u00a0Para que possamos oferecer as melhores solu\u00e7\u00f5es, de modo mais seguro e assertivo para voc\u00ea, temos v\u00e1rios fornecedores que complementam o nosso trabalho de modo a garantir sua experi\u00eancia completa.<\/p>\r\n<p>Por exemplo: empresa em que hospedamos nosso site. Al\u00e9m de seguran\u00e7a patrimonial, gest\u00e3o de banco de dados, pagamentos e entre outros.<\/p>\r\n<p>Sempre fazemos o poss\u00edvel para garantir a sua seguran\u00e7a e de seus dados avaliando sempre prioritariamente se tais empresas est\u00e3o em compliance com a lei.<\/p>\r\n<p><strong>Autoridades P\u00fablicas:<\/strong>\u00a0Cumprimos sempre nosso papel perante a lei, garantindo todas as requisi\u00e7\u00f5es legais estabelecidas pelas autoridades competentes, ent\u00e3o em atividades obrigat\u00f3rias e comuns do dia a dia (como por exemplo, emiss\u00e3o de notas e etc) ou em outros casos solicitados, devemos compartilhar dados com tais autoridades para os fins especificados.<\/p>\r\n<p><strong>Como os dados pessoais s\u00e3o protegidos?<\/strong><\/p>\r\n<p>Adotamos pr\u00e1ticas de seguran\u00e7a adequadas e processos que visam garantir a sua seguran\u00e7a e de seus dados, al\u00e9m de t\u00e9cnicas e sistemas de seguran\u00e7a da informa\u00e7\u00e3o.<\/p>\r\n<p>Utilizamos seus dados nas finalidades citadas e nos esfor\u00e7amos para garantir que tudo ocorra de maneira segura. Por\u00e9m, infelizmente, nenhum m\u00e9todo \u00e9 cem por cento seguro, ent\u00e3o contamos com voc\u00ea para tamb\u00e9m atuar pensando na prote\u00e7\u00e3o de seus dados, como n\u00e3o compartilhar seus acessos e dados pessoais.<\/p>\r\n<p>Caso tome conhecimento de algo que prejudique a seguran\u00e7a de seus dados, entre em contato conosco.<\/p>\r\n<p><strong>Qual o tempo de reten\u00e7\u00e3o dos dados pessoais?<\/strong><\/p>\r\n<p>Os seus dados pessoais s\u00e3o armazenados somente enquanto solicitados para as finalidades especificadas nesta pol\u00edtica de privacidade, salvo se houver qualquer outra raz\u00e3o para sua manuten\u00e7\u00e3o, por exemplo, cumprimento de quaisquer obriga\u00e7\u00f5es legais, regulat\u00f3rias, contratuais, entre outras, desde que fundamentadas com uma Base Legal.<\/p>\r\n<p><strong>Conceitos importantes:<\/strong><\/p>\r\n<ul>\r\n<li><strong>Dado pessoal:<\/strong>informa\u00e7\u00e3o relacionada a pessoa natural identificada ou identific\u00e1vel;<\/li>\r\n<li><strong>Titular:<\/strong>pessoa natural a quem se referem os dados pessoais que s\u00e3o objeto de tratamento;<\/li>\r\n<li><strong>Controlador:<\/strong>pessoa natural ou jur\u00eddica, de direito p\u00fablico ou privado, a quem competem as decis\u00f5es referentes ao tratamento de dados pessoais;<\/li>\r\n<li><strong>Operador:<\/strong>pessoa natural ou jur\u00eddica, de direito p\u00fablico ou privado, que realiza o tratamento de dados pessoais em nome do controlador;<\/li>\r\n<li><strong>Tratamento:<\/strong>toda opera\u00e7\u00e3o realizada com dados pessoais, a partir do momento que s\u00e3o disponibilizadas com sua autoriza\u00e7\u00e3o ou por outros meios autom\u00e1ticos (coleta, classifica\u00e7\u00e3o, utiliza\u00e7\u00e3o, acesso, etc)<\/li>\r\n<li><strong>Consentimento:<\/strong>manifesta\u00e7\u00e3o livre e expressa pela qual o titular concorda com o tratamento de seus dados pessoais para uma finalidade determinada;<\/li>\r\n<li><strong>Anonimiza\u00e7\u00e3o:<\/strong>utiliza\u00e7\u00e3o de meios t\u00e9cnicos por meio dos quais um dado perde a possibilidade de associa\u00e7\u00e3o, direta ou indireta, a um indiv\u00edduo;<\/li>\r\n<\/ul>\r\n<p><strong>Informa\u00e7\u00f5es complementares e de contato:<\/strong><\/p>\r\n<p>Estamos sempre \u00e0 disposi\u00e7\u00e3o para tirar d\u00favidas, receber sugest\u00f5es ou solicita\u00e7\u00f5es referentes \u00e0 pol\u00edtica de privacidade ou quaisquer demandas como as citadas neste documento garantindo os seus direitos como titular.<\/p>\r\n","protected":false},"excerpt":{"rendered":"<p>Quem somos O endere\u00e7o do nosso site \u00e9: https:\/\/www.edimarsantosimoveis.com.br\/treinamento. Pol\u00edtica [&hellip;]<\/p>\n","protected":false},"author":1,"featured_media":0,"parent":0,"menu_order":0,"comment_status":"closed","ping_status":"open","template":"","meta":{"footnotes":""},"class_list":["post-3","page","type-page","status-publish","hentry"],"_links":{"self":[{"href":"https:\/\/www.edimarsantosimoveis.com.br\/treinamento\/wp-json\/wp\/v2\/pages\/3","targetHints":{"allow":["GET"]}}],"collection":[{"href":"https:\/\/www.edimarsantosimoveis.com.br\/treinamento\/wp-json\/wp\/v2\/pages"}],"about":[{"href":"https:\/\/www.edimarsantosimoveis.com.br\/treinamento\/wp-json\/wp\/v2\/types\/page"}],"author":[{"embeddable":true,"href":"https:\/\/www.edimarsantosimoveis.com.br\/treinamento\/wp-json\/wp\/v2\/users\/1"}],"replies":[{"embeddable":true,"href":"https:\/\/www.edimarsantosimoveis.com.br\/treinamento\/wp-json\/wp\/v2\/comments?post=3"}],"version-history":[{"count":1,"href":"https:\/\/www.edimarsantosimoveis.com.br\/treinamento\/wp-json\/wp\/v2\/pages\/3\/revisions"}],"predecessor-version":[{"id":2235,"href":"https:\/\/www.edimarsantosimoveis.com.br\/treinamento\/wp-json\/wp\/v2\/pages\/3\/revisions\/2235"}],"wp:attachment":[{"href":"https:\/\/www.edimarsantosimoveis.com.br\/treinamento\/wp-json\/wp\/v2\/media?parent=3"}],"curies":[{"name":"wp","href":"https:\/\/api.w.org\/{rel}","templated":true}]}}